{"id":31,"date":"2020-01-17T15:27:57","date_gmt":"2020-01-17T18:27:57","guid":{"rendered":"https:\/\/demosites.io\/web-agency\/?page_id=31"},"modified":"2025-06-09T14:49:14","modified_gmt":"2025-06-09T17:49:14","slug":"300f0-web-agency-contact","status":"publish","type":"page","link":"https:\/\/cvmarj.org.br\/site\/index.php\/300f0-web-agency-contact\/","title":{"rendered":"Contatos"},"content":{"rendered":"\t\t<div data-elementor-type=\"wp-page\" data-elementor-id=\"31\" class=\"elementor elementor-31\" data-elementor-settings=\"{&quot;ha_cmc_init_switcher&quot;:&quot;no&quot;}\">\n\t\t\t\t\t\t<section class=\"elementor-section elementor-top-section elementor-element elementor-element-2614052 elementor-section-full_width elementor-section-height-default elementor-section-height-default\" data-id=\"2614052\" data-element_type=\"section\" data-settings=\"{&quot;background_background&quot;:&quot;classic&quot;,&quot;shape_divider_top&quot;:&quot;opacity-tilt&quot;,&quot;shape_divider_bottom&quot;:&quot;opacity-tilt&quot;,&quot;_ha_eqh_enable&quot;:false}\">\n\t\t\t\t\t<div class=\"elementor-shape elementor-shape-top\" data-negative=\"false\">\n\t\t\t<svg xmlns=\"http:\/\/www.w3.org\/2000\/svg\" viewBox=\"0 0 2600 131.1\" preserveAspectRatio=\"none\">\n\t<path class=\"elementor-shape-fill\" d=\"M0 0L2600 0 2600 69.1 0 0z\"\/>\n\t<path class=\"elementor-shape-fill\" style=\"opacity:0.5\" d=\"M0 0L2600 0 2600 69.1 0 69.1z\"\/>\n\t<path class=\"elementor-shape-fill\" style=\"opacity:0.25\" d=\"M2600 0L0 0 0 130.1 2600 69.1z\"\/>\n<\/svg>\t\t<\/div>\n\t\t\t\t<div class=\"elementor-shape elementor-shape-bottom\" data-negative=\"false\">\n\t\t\t<svg xmlns=\"http:\/\/www.w3.org\/2000\/svg\" viewBox=\"0 0 2600 131.1\" preserveAspectRatio=\"none\">\n\t<path class=\"elementor-shape-fill\" d=\"M0 0L2600 0 2600 69.1 0 0z\"\/>\n\t<path class=\"elementor-shape-fill\" style=\"opacity:0.5\" d=\"M0 0L2600 0 2600 69.1 0 69.1z\"\/>\n\t<path class=\"elementor-shape-fill\" style=\"opacity:0.25\" d=\"M2600 0L0 0 0 130.1 2600 69.1z\"\/>\n<\/svg>\t\t<\/div>\n\t\t\t\t\t<div class=\"elementor-container elementor-column-gap-default\">\n\t\t\t\t\t<div class=\"elementor-column elementor-col-33 elementor-top-column elementor-element elementor-element-862965f\" data-id=\"862965f\" data-element_type=\"column\" data-settings=\"{&quot;background_background&quot;:&quot;classic&quot;}\">\n\t\t\t<div class=\"elementor-widget-wrap elementor-element-populated\">\n\t\t\t\t\t\t<div class=\"elementor-element elementor-element-e1abe68 elementor-view-stacked elementor-shape-circle elementor-position-top elementor-mobile-position-top elementor-widget elementor-widget-icon-box\" data-id=\"e1abe68\" data-element_type=\"widget\" data-widget_type=\"icon-box.default\">\n\t\t\t\t<div class=\"elementor-widget-container\">\n\t\t\t\t\t\t\t<div class=\"elementor-icon-box-wrapper\">\n\n\t\t\t\t\t\t<div class=\"elementor-icon-box-icon\">\n\t\t\t\t<span  class=\"elementor-icon\">\n\t\t\t\t<i aria-hidden=\"true\" class=\"fas fa-phone\"><\/i>\t\t\t\t<\/span>\n\t\t\t<\/div>\n\t\t\t\n\t\t\t\t\t\t<div class=\"elementor-icon-box-content\">\n\n\t\t\t\t\t\t\t\t\t<h3 class=\"elementor-icon-box-title\">\n\t\t\t\t\t\t<span  >\n\t\t\t\t\t\t\tLigue\t\t\t\t\t\t<\/span>\n\t\t\t\t\t<\/h3>\n\t\t\t\t\n\t\t\t\t\t\t\t\t\t<p class=\"elementor-icon-box-description\">\n\t\t\t\t\t\t21 98184-6339 <br>\nDiretor de Rela\u00e7\u00f5es P\u00fablicas <br>\n(Carlos Dias) <br>\t\t\t\t\t<\/p>\n\t\t\t\t\n\t\t\t<\/div>\n\t\t\t\n\t\t<\/div>\n\t\t\t\t\t\t<\/div>\n\t\t\t\t<\/div>\n\t\t\t\t<div class=\"elementor-element elementor-element-8921962 elementor-widget elementor-widget-icon-box\" data-id=\"8921962\" data-element_type=\"widget\" data-widget_type=\"icon-box.default\">\n\t\t\t\t<div class=\"elementor-widget-container\">\n\t\t\t\t\t\t\t<div class=\"elementor-icon-box-wrapper\">\n\n\t\t\t\n\t\t\t\t\t\t<div class=\"elementor-icon-box-content\">\n\n\t\t\t\t\n\t\t\t\t\t\t\t\t\t<p class=\"elementor-icon-box-description\">\n\t\t\t\t\t\t21 99661-9111<br>     \nDiretor Presidente<br>\n(Carlos Magno)\t\t\t\t\t<\/p>\n\t\t\t\t\n\t\t\t<\/div>\n\t\t\t\n\t\t<\/div>\n\t\t\t\t\t\t<\/div>\n\t\t\t\t<\/div>\n\t\t\t\t\t<\/div>\n\t\t<\/div>\n\t\t\t\t<div class=\"elementor-column elementor-col-33 elementor-top-column elementor-element elementor-element-5cd6fc7\" data-id=\"5cd6fc7\" data-element_type=\"column\" data-settings=\"{&quot;background_background&quot;:&quot;classic&quot;}\">\n\t\t\t<div class=\"elementor-widget-wrap elementor-element-populated\">\n\t\t\t\t\t\t<div class=\"elementor-element elementor-element-98ffd64 elementor-view-stacked elementor-shape-circle elementor-position-top elementor-mobile-position-top elementor-widget elementor-widget-icon-box\" data-id=\"98ffd64\" data-element_type=\"widget\" data-widget_type=\"icon-box.default\">\n\t\t\t\t<div class=\"elementor-widget-container\">\n\t\t\t\t\t\t\t<div class=\"elementor-icon-box-wrapper\">\n\n\t\t\t\t\t\t<div class=\"elementor-icon-box-icon\">\n\t\t\t\t<span  class=\"elementor-icon\">\n\t\t\t\t<i aria-hidden=\"true\" class=\"far fa-envelope\"><\/i>\t\t\t\t<\/span>\n\t\t\t<\/div>\n\t\t\t\n\t\t\t\t\t\t<div class=\"elementor-icon-box-content\">\n\n\t\t\t\t\t\t\t\t\t<h3 class=\"elementor-icon-box-title\">\n\t\t\t\t\t\t<span  >\n\t\t\t\t\t\t\tEmail\t\t\t\t\t\t<\/span>\n\t\t\t\t\t<\/h3>\n\t\t\t\t\n\t\t\t\t\t\t\t\t\t<p class=\"elementor-icon-box-description\">\n\t\t\t\t\t\tcvmarj@cvmarj.org.br<br>\ncvmarj.org@gmail.com\t\t\t\t\t<\/p>\n\t\t\t\t\n\t\t\t<\/div>\n\t\t\t\n\t\t<\/div>\n\t\t\t\t\t\t<\/div>\n\t\t\t\t<\/div>\n\t\t\t\t\t<\/div>\n\t\t<\/div>\n\t\t\t\t<div class=\"elementor-column elementor-col-33 elementor-top-column elementor-element elementor-element-36492fe\" data-id=\"36492fe\" data-element_type=\"column\" data-settings=\"{&quot;background_background&quot;:&quot;classic&quot;}\">\n\t\t\t<div class=\"elementor-widget-wrap elementor-element-populated\">\n\t\t\t\t\t\t<div class=\"elementor-element elementor-element-f211c0b elementor-view-stacked elementor-shape-circle elementor-position-top elementor-mobile-position-top elementor-widget elementor-widget-icon-box\" data-id=\"f211c0b\" data-element_type=\"widget\" data-widget_type=\"icon-box.default\">\n\t\t\t\t<div class=\"elementor-widget-container\">\n\t\t\t\t\t\t\t<div class=\"elementor-icon-box-wrapper\">\n\n\t\t\t\t\t\t<div class=\"elementor-icon-box-icon\">\n\t\t\t\t<span  class=\"elementor-icon\">\n\t\t\t\t<i aria-hidden=\"true\" class=\"fas fa-map-marker-alt\"><\/i>\t\t\t\t<\/span>\n\t\t\t<\/div>\n\t\t\t\n\t\t\t\t\t\t<div class=\"elementor-icon-box-content\">\n\n\t\t\t\t\t\t\t\t\t<h3 class=\"elementor-icon-box-title\">\n\t\t\t\t\t\t<span  >\n\t\t\t\t\t\t\tEndere\u00e7o\t\t\t\t\t\t<\/span>\n\t\t\t\t\t<\/h3>\n\t\t\t\t\n\t\t\t\t\t\t\t\t\t<p class=\"elementor-icon-box-description\">\n\t\t\t\t\t\tNOVA SEDE DO CVMARJ.\nPraia de Tubiacanga, 01 Tubiacanga-Ilha do Governador-RJ\nCEP: 21932-810.\t\t\t\t\t<\/p>\n\t\t\t\t\n\t\t\t<\/div>\n\t\t\t\n\t\t<\/div>\n\t\t\t\t\t\t<\/div>\n\t\t\t\t<\/div>\n\t\t\t\t\t<\/div>\n\t\t<\/div>\n\t\t\t\t\t<\/div>\n\t\t<\/section>\n\t\t\t\t<section class=\"elementor-section elementor-top-section elementor-element elementor-element-af81e88 elementor-section-full_width elementor-section-height-default elementor-section-height-default\" data-id=\"af81e88\" data-element_type=\"section\" data-settings=\"{&quot;_ha_eqh_enable&quot;:false}\">\n\t\t\t\t\t\t<div class=\"elementor-container elementor-column-gap-default\">\n\t\t\t\t\t<div class=\"elementor-column elementor-col-100 elementor-top-column elementor-element elementor-element-7ba928f\" data-id=\"7ba928f\" data-element_type=\"column\">\n\t\t\t<div class=\"elementor-widget-wrap elementor-element-populated\">\n\t\t\t\t\t\t<div class=\"elementor-element elementor-element-124d5fc elementor-widget elementor-widget-google_maps\" data-id=\"124d5fc\" data-element_type=\"widget\" data-widget_type=\"google_maps.default\">\n\t\t\t\t<div class=\"elementor-widget-container\">\n\t\t\t\t\t\t\t<div class=\"elementor-custom-embed\">\n\t\t\t<iframe loading=\"lazy\"\n\t\t\t\t\tsrc=\"https:\/\/maps.google.com\/maps?q=Praia%20de%20Tubiacanga%2C%2001%20Tubiacanga-Ilha%20do%20Governador-RJ%20CEP%3A%2021932-810.&#038;t=m&#038;z=9&#038;output=embed&#038;iwloc=near\"\n\t\t\t\t\ttitle=\"Praia de Tubiacanga, 01 Tubiacanga-Ilha do Governador-RJ CEP: 21932-810.\"\n\t\t\t\t\taria-label=\"Praia de Tubiacanga, 01 Tubiacanga-Ilha do Governador-RJ CEP: 21932-810.\"\n\t\t\t><\/iframe>\n\t\t<\/div>\n\t\t\t\t\t\t<\/div>\n\t\t\t\t<\/div>\n\t\t\t\t\t<\/div>\n\t\t<\/div>\n\t\t\t\t\t<\/div>\n\t\t<\/section>\n\t\t\t\t<section class=\"elementor-section elementor-top-section elementor-element elementor-element-7137717 elementor-section-boxed elementor-section-height-default elementor-section-height-default\" data-id=\"7137717\" data-element_type=\"section\" data-settings=\"{&quot;_ha_eqh_enable&quot;:false}\">\n\t\t\t\t\t\t<div class=\"elementor-container elementor-column-gap-default\">\n\t\t\t\t\t<div class=\"elementor-column elementor-col-100 elementor-top-column elementor-element elementor-element-004d299\" data-id=\"004d299\" data-element_type=\"column\">\n\t\t\t<div class=\"elementor-widget-wrap elementor-element-populated\">\n\t\t\t\t\t\t<div class=\"elementor-element elementor-element-b1dbf98 elementor-widget elementor-widget-heading\" data-id=\"b1dbf98\" data-element_type=\"widget\" data-widget_type=\"heading.default\">\n\t\t\t\t<div class=\"elementor-widget-container\">\n\t\t\t\t\t<h2 class=\"elementor-heading-title elementor-size-default\">Visite nossas redes sociais<\/h2>\t\t\t\t<\/div>\n\t\t\t\t<\/div>\n\t\t\t\t\t<\/div>\n\t\t<\/div>\n\t\t\t\t\t<\/div>\n\t\t<\/section>\n\t\t\t\t<section class=\"elementor-section elementor-top-section elementor-element elementor-element-117d2b8a elementor-section-full_width elementor-section-height-default elementor-section-height-default\" data-id=\"117d2b8a\" data-element_type=\"section\" data-settings=\"{&quot;background_background&quot;:&quot;classic&quot;,&quot;_ha_eqh_enable&quot;:false}\">\n\t\t\t\t\t\t<div class=\"elementor-container elementor-column-gap-default\">\n\t\t\t\t\t<div class=\"elementor-column elementor-col-100 elementor-top-column elementor-element elementor-element-a31df83\" data-id=\"a31df83\" data-element_type=\"column\">\n\t\t\t<div class=\"elementor-widget-wrap elementor-element-populated\">\n\t\t\t\t\t\t<div class=\"elementor-element elementor-element-6ef44b9d ha-has-bg-overlay elementor-widget elementor-widget-elementskit-social-media\" data-id=\"6ef44b9d\" data-element_type=\"widget\" data-widget_type=\"elementskit-social-media.default\">\n\t\t\t\t<div class=\"elementor-widget-container\">\n\t\t\t\t\t<div class=\"ekit-wid-con\" >\t\t\t <ul class=\"ekit_social_media\">\n\t\t\t\t\t\t\t\t\t\t\t\t\t\t<li class=\"elementor-repeater-item-f3f3f2b\">\n\t\t\t\t\t    <a\n\t\t\t\t\t\thref=\"https:\/\/www.facebook.com\/groups\/1717728928346141\/?ref=share\" aria-label=\"Facebook\" class=\"facebook\" >\n\t\t\t\t\t\t\t\n\t\t\t\t\t\t\t<i aria-hidden=\"true\" class=\"icon icon-facebook\"><\/i>\n                                                                                                            <\/a>\n                    <\/li>\n                    \t\t\t\t\t\t\t\t\t\t\t\t\t\t<li class=\"elementor-repeater-item-91485f9\">\n\t\t\t\t\t    <a\n\t\t\t\t\t\thref=\"https:\/\/twitter.com\/CVMARJ1?s=09\" aria-label=\"Twitter\" class=\"twitter\" >\n\t\t\t\t\t\t\t\n\t\t\t\t\t\t\t<i aria-hidden=\"true\" class=\"icon icon-twitter\"><\/i>\n                                                                                                            <\/a>\n                    <\/li>\n                    \t\t\t\t\t\t\t\t\t\t\t\t\t\t<li class=\"elementor-repeater-item-51a4826\">\n\t\t\t\t\t    <a\n\t\t\t\t\t\thref=\"https:\/\/www.youtube.com\/channel\/UCK8UsMKnpsNwXvo916n3lJQ\" aria-label=\"youtube\" class=\"youtube\" >\n\t\t\t\t\t\t\t\n\t\t\t\t\t\t\t<i aria-hidden=\"true\" class=\"fab fa-youtube\"><\/i>\n                                                                                                            <\/a>\n                    <\/li>\n                    \t\t\t\t\t\t\t\t\t\t\t\t\t\t<li class=\"elementor-repeater-item-d7ecf3a\">\n\t\t\t\t\t    <a\n\t\t\t\t\t\thref=\"https:\/\/www.instagram.com\/invites\/contact\/?i=spxonfnp7y12&#038;utm_content=hkvl8jq\" aria-label=\"instagram\" class=\"1\" >\n\t\t\t\t\t\t\t\n\t\t\t\t\t\t\t<i aria-hidden=\"true\" class=\"icon icon-instagram-1\"><\/i>\n                                                                                                            <\/a>\n                    <\/li>\n                    \t\t\t\t\t\t\t\t\t\t\t\t\t\t<li class=\"elementor-repeater-item-808946e\">\n\t\t\t\t\t    <a\n\t\t\t\t\t\thref=\"https:\/\/cvmarj.tumblr.com\/post\/639907814670745600\/correspondente-de-guerra-miss%C3%A3o-natal-2021-o\" aria-label=\"Tumblr\" class=\"tumblr\" >\n\t\t\t\t\t\t\t\n\t\t\t\t\t\t\t<i aria-hidden=\"true\" class=\"fab fa-tumblr\"><\/i>\n                                                                                                            <\/a>\n                    <\/li>\n                    \t\t\t\t\t\t\t\t\t\t\t\t\t\t<li class=\"elementor-repeater-item-989c9ad\">\n\t\t\t\t\t    <a\n\t\t\t\t\t\thref=\"https:\/\/www.flickr.com\/people\/cvmarj\/\" aria-label=\"Flickr\" class=\"flickr\" >\n\t\t\t\t\t\t\t\n\t\t\t\t\t\t\t<i aria-hidden=\"true\" class=\"fab fa-flickr\"><\/i>\n                                                                                                            <\/a>\n                    <\/li>\n                    \t\t\t\t\t\t\t\t\t\t\t\t\t\t<li class=\"elementor-repeater-item-b866fa9\">\n\t\t\t\t\t    <a\n\t\t\t\t\t\thref=\"https:\/\/signal.group\/#CjQKIP7OIfzrnZmFOIRIOHFKSAIQsyR8ahj9XSug4EA3enRnEhD7fSl_L6mccu0qLLqljs7S\" aria-label=\"Signal\" class=\"\" >\n\t\t\t\t\t\t\t\n\t\t\t\t\t\t\t<svg xmlns=\"http:\/\/www.w3.org\/2000\/svg\" width=\"768.000000pt\" height=\"768.000000pt\" viewBox=\"0 0 768.000000 768.000000\" preserveAspectRatio=\"xMidYMid meet\"><g transform=\"translate(0.000000,768.000000) scale(0.100000,-0.100000)\" fill=\"#000000\" stroke=\"none\"><path d=\"M3530 7670 c-253 -30 -260 -31 -260 -54 0 -29 46 -325 51 -330 2 -2 58 3 124 12 165 21 636 21 795 -1 63 -8 117 -11 120 -7 8 13 54 340 48 345 -28 28 -704 55 -878 35z\"><\/path><path d=\"M2880 7558 c-187 -47 -447 -140 -633 -225 -131 -60 -353 -177 -376 -198 -11 -11 0 -36 69 -152 46 -76 87 -143 92 -150 8 -9 23 -5 61 18 97 57 352 179 477 229 119 46 381 130 408 130 7 0 15 6 18 13 4 11 -72 338 -79 343 -1 0 -18 -3 -37 -8z\"><\/path><path d=\"M4720 7400 c-23 -93 -39 -173 -35 -179 3 -6 13 -11 20 -11 29 0 314 -93 435 -142 123 -50 346 -158 447 -217 38 -23 53 -27 61 -18 5 7 46 74 92 150 69 117 80 141 69 152 -29 28 -300 167 -447 230 -166 71 -364 140 -509 179 l-91 24 -42 -168z\"><\/path><path d=\"M3585 6950 c-1087 -99 -2030 -731 -2517 -1687 -172 -336 -274 -668 -325 -1050 -23 -180 -23 -571 1 -748 60 -444 198 -850 410 -1210 l46 -76 -150 -637 c-82 -350 -148 -637 -147 -639 2 -1 30 4 62 12 33 8 320 75 637 149 l577 135 77 -45 c630 -372 1387 -512 2109 -389 1309 223 2334 1250 2554 2561 49 292 53 678 12 959 -208 1394 -1291 2460 -2691 2650 -134 18 -525 27 -655 15z\"><\/path><path d=\"M1460 6854 c-242 -191 -479 -431 -663 -671 l-47 -62 139 -106 c77 -58 144 -105 148 -105 4 1 41 43 81 95 141 180 377 416 557 557 52 40 94 77 95 81 0 7 -208 287 -213 287 -1 -1 -45 -35 -97 -76z\"><\/path><path d=\"M6015 6791 c-58 -77 -105 -144 -105 -148 0 -4 22 -24 48 -43 199 -148 491 -441 642 -643 19 -25 38 -47 43 -47 4 0 69 46 145 102 75 56 139 103 141 105 7 4 -150 198 -256 315 -136 151 -335 334 -490 451 l-62 47 -106 -139z\"><\/path><path d=\"M543 5808 c-24 -30 -146 -262 -194 -368 -92 -205 -175 -436 -222 -622 l-15 -56 168 -42 c162 -40 190 -43 190 -17 0 29 86 295 137 422 53 134 159 353 222 462 23 38 27 53 18 61 -18 14 -284 172 -290 172 -2 0 -9 -6 -14 -12z\"><\/path><path d=\"M7000 5749 c-63 -38 -130 -78 -148 -89 l-33 -20 31 -52 c65 -110 170 -328 223 -463 51 -127 137 -393 137 -422 0 -26 28 -23 190 17 l168 42 -15 56 c-30 118 -87 292 -140 427 -82 210 -261 563 -288 571 -6 2 -62 -28 -125 -67z\"><\/path><path d=\"M37 4373 c-28 -177 -39 -374 -34 -603 5 -214 28 -484 42 -498 6 -6 331 39 344 47 6 4 3 54 -6 121 -22 160 -22 640 0 800 8 63 13 117 11 119 -5 5 -301 51 -330 51 -17 0 -23 -8 -27 -37z\"><\/path><path d=\"M7432 4385 c-78 -12 -144 -24 -146 -26 -2 -2 3 -56 11 -119 22 -159 22 -629 1 -795 -9 -66 -14 -122 -12 -124 4 -5 301 -50 330 -51 23 0 24 4 54 275 21 191 10 550 -25 813 -7 50 -9 52 -39 51 -17 -1 -95 -11 -174 -24z\"><\/path><path d=\"M268 2958 l-156 -40 24 -91 c59 -221 166 -500 274 -712 l56 -110 -43 -180 c-23 -99 -42 -184 -43 -190 0 -11 337 -91 346 -82 3 3 32 118 64 256 l59 251 -30 52 c-111 189 -242 493 -309 723 -23 77 -43 146 -45 153 -6 17 -21 15 -197 -30z\"><\/path><path d=\"M7215 2988 c-2 -7 -22 -76 -45 -153 -68 -231 -204 -546 -319 -742 -23 -38 -27 -53 -18 -61 7 -5 74 -46 150 -92 117 -69 141 -80 152 -69 7 8 45 73 85 145 126 231 257 560 324 811 l24 91 -164 41 c-183 46 -183 46 -189 29z\"><\/path><path d=\"M6563 1677 c-149 -190 -369 -411 -560 -560 -51 -40 -92 -76 -93 -80 0 -5 179 -254 206 -286 5 -5 165 123 271 217 174 154 363 356 496 529 l47 62 -139 106 c-77 58 -144 105 -148 105 -4 -1 -40 -42 -80 -93z\"><\/path><path d=\"M292 1258 c-6 -24 -47 -200 -92 -393 -69 -295 -81 -360 -77 -411 13 -176 160 -320 336 -331 56 -3 122 9 448 85 211 49 386 91 389 95 10 9 -69 347 -81 347 -5 0 -172 -38 -370 -84 -198 -47 -361 -84 -362 -83 -1 1 36 164 83 362 46 198 84 365 84 370 0 9 -303 85 -336 85 -7 0 -16 -19 -22 -42z\"><\/path><path d=\"M5585 829 c-220 -131 -565 -276 -810 -341 -44 -11 -84 -24 -88 -28 -5 -4 10 -84 33 -178 l41 -170 57 15 c186 47 417 130 622 222 124 57 366 186 375 201 6 9 -143 269 -169 297 -8 8 -23 4 -61 -18z\"><\/path><path d=\"M1810 789 c-135 -32 -250 -59 -256 -61 -7 -2 2 -61 28 -173 22 -93 41 -172 43 -174 3 -2 88 16 190 39 l185 43 168 -80 c204 -99 410 -178 601 -232 79 -23 145 -40 146 -39 3 4 85 336 85 343 0 2 -26 12 -57 21 -227 63 -403 129 -601 224 -89 43 -189 95 -221 114 -32 20 -60 36 -62 35 -2 -1 -114 -27 -249 -60z\"><\/path><path d=\"M3317 383 c-11 -38 -50 -333 -45 -338 16 -17 372 -45 568 -45 195 0 552 28 568 45 6 6 -40 332 -48 345 -4 6 -28 6 -62 1 -238 -39 -752 -36 -950 5 -20 4 -27 1 -31 -13z\"><\/path><\/g><\/svg>\n                                                                                                            <\/a>\n                    <\/li>\n                    \t\t\t\t\t\t\t\t\t\t\t\t\t\t<li class=\"elementor-repeater-item-0354b02\">\n\t\t\t\t\t    <a\n\t\t\t\t\t\thref=\"https:\/\/t.me\/joinchat\/TwGi6qrE533nE-Ic\" aria-label=\"Telegram\" class=\"plane\" >\n\t\t\t\t\t\t\t\n\t\t\t\t\t\t\t<i aria-hidden=\"true\" class=\"fab fa-telegram-plane\"><\/i>\n                                                                                                            <\/a>\n                    <\/li>\n                    \t\t\t\t\t\t\t\t\t\t\t\t\t\t<li class=\"elementor-repeater-item-68c17e1\">\n\t\t\t\t\t    <a\n\t\t\t\t\t\thref=\"https:\/\/t.me\/joinchat\/TwGi6qrE533nE-Ic\" aria-label=\"Facebook\" class=\"tiktok\" >\n\t\t\t\t\t\t\t\n\t\t\t\t\t\t\t<i aria-hidden=\"true\" class=\"fab fa-tiktok\"><\/i>\n                                                                                                            <\/a>\n                    <\/li>\n                    \t\t\t\t\t\t\t<\/ul>\n\t\t<\/div>\t\t\t\t<\/div>\n\t\t\t\t<\/div>\n\t\t\t\t\t<\/div>\n\t\t<\/div>\n\t\t\t\t\t<\/div>\n\t\t<\/section>\n\t\t\t\t<section class=\"elementor-section elementor-top-section elementor-element elementor-element-019858c elementor-section-full_width elementor-section-height-default elementor-section-height-default\" data-id=\"019858c\" data-element_type=\"section\" data-settings=\"{&quot;_ha_eqh_enable&quot;:false}\">\n\t\t\t\t\t\t<div class=\"elementor-container elementor-column-gap-default\">\n\t\t\t\t\t<div class=\"elementor-column elementor-col-100 elementor-top-column elementor-element elementor-element-d5b5f6e\" data-id=\"d5b5f6e\" data-element_type=\"column\">\n\t\t\t<div class=\"elementor-widget-wrap elementor-element-populated\">\n\t\t\t\t\t\t<div class=\"elementor-element elementor-element-eb5ecc7 elementor-button-info elementor-align-center elementor-widget elementor-widget-button\" data-id=\"eb5ecc7\" data-element_type=\"widget\" data-widget_type=\"button.default\">\n\t\t\t\t<div class=\"elementor-widget-container\">\n\t\t\t\t\t\t\t\t\t<div class=\"elementor-button-wrapper\">\n\t\t\t\t\t<a class=\"elementor-button elementor-button-link elementor-size-md\" href=\"https:\/\/webmail1.weblink.com.br\/\" target=\"_blank\">\n\t\t\t\t\t\t<span class=\"elementor-button-content-wrapper\">\n\t\t\t\t\t\t<span class=\"elementor-button-icon\">\n\t\t\t\t<i aria-hidden=\"true\" class=\"icon icon-email\"><\/i>\t\t\t<\/span>\n\t\t\t\t\t\t\t\t\t<span class=\"elementor-button-text\">ACESSE WEBMAIL<\/span>\n\t\t\t\t\t<\/span>\n\t\t\t\t\t<\/a>\n\t\t\t\t<\/div>\n\t\t\t\t\t\t\t\t<\/div>\n\t\t\t\t<\/div>\n\t\t\t\t\t<\/div>\n\t\t<\/div>\n\t\t\t\t\t<\/div>\n\t\t<\/section>\n\t\t\t\t<\/div>\n\t\t","protected":false},"excerpt":{"rendered":"<p>Ligue 21 98184-6339 Diretor de Rela\u00e7\u00f5es P\u00fablicas (Carlos Dias) 21 99661-9111 Diretor Presidente (Carlos Magno) Email cvmarj@cvmarj.org.br cvmarj.org@gmail.com Endere\u00e7o NOVA SEDE DO CVMARJ. Praia de Tubiacanga, 01 Tubiacanga-Ilha do Governador-RJ CEP: 21932-810. Visite nossas redes sociais ACESSE WEBMAIL<\/p>\n","protected":false},"author":1,"featured_media":0,"parent":0,"menu_order":0,"comment_status":"closed","ping_status":"closed","template":"elementor_header_footer","meta":{"neve_meta_sidebar":"full-width","neve_meta_container":"","neve_meta_enable_content_width":"on","neve_meta_content_width":100,"neve_meta_title_alignment":"","neve_meta_author_avatar":"","neve_post_elements_order":"","neve_meta_disable_header":"","neve_meta_disable_footer":"","neve_meta_disable_title":"","footnotes":""},"_links":{"self":[{"href":"https:\/\/cvmarj.org.br\/site\/index.php\/wp-json\/wp\/v2\/pages\/31"}],"collection":[{"href":"https:\/\/cvmarj.org.br\/site\/index.php\/wp-json\/wp\/v2\/pages"}],"about":[{"href":"https:\/\/cvmarj.org.br\/site\/index.php\/wp-json\/wp\/v2\/types\/page"}],"author":[{"embeddable":true,"href":"https:\/\/cvmarj.org.br\/site\/index.php\/wp-json\/wp\/v2\/users\/1"}],"replies":[{"embeddable":true,"href":"https:\/\/cvmarj.org.br\/site\/index.php\/wp-json\/wp\/v2\/comments?post=31"}],"version-history":[{"count":130,"href":"https:\/\/cvmarj.org.br\/site\/index.php\/wp-json\/wp\/v2\/pages\/31\/revisions"}],"predecessor-version":[{"id":4415,"href":"https:\/\/cvmarj.org.br\/site\/index.php\/wp-json\/wp\/v2\/pages\/31\/revisions\/4415"}],"wp:attachment":[{"href":"https:\/\/cvmarj.org.br\/site\/index.php\/wp-json\/wp\/v2\/media?parent=31"}],"curies":[{"name":"wp","href":"https:\/\/api.w.org\/{rel}","templated":true}]}}