{"id":3191,"date":"2022-04-18T13:57:55","date_gmt":"2022-04-18T16:57:55","guid":{"rendered":"https:\/\/cvmarj.org.br\/site\/?page_id=3191"},"modified":"2022-06-14T13:54:34","modified_gmt":"2022-06-14T16:54:34","slug":"campo-cvmarj","status":"publish","type":"page","link":"https:\/\/cvmarj.org.br\/site\/index.php\/campo-cvmarj\/","title":{"rendered":"CVMARJ 2022"},"content":{"rendered":"\t\t<div data-elementor-type=\"wp-page\" data-elementor-id=\"3191\" class=\"elementor elementor-3191\" data-elementor-settings=\"{&quot;ha_cmc_init_switcher&quot;:&quot;no&quot;}\">\n\t\t\t\t\t\t<section class=\"elementor-section elementor-top-section elementor-element elementor-element-451f1f75 elementor-section-boxed elementor-section-height-default elementor-section-height-default\" data-id=\"451f1f75\" data-element_type=\"section\" data-settings=\"{&quot;_ha_eqh_enable&quot;:false}\">\n\t\t\t\t\t\t<div class=\"elementor-container elementor-column-gap-default\">\n\t\t\t\t\t<div class=\"elementor-column elementor-col-100 elementor-top-column elementor-element elementor-element-2c0bba0a\" data-id=\"2c0bba0a\" data-element_type=\"column\">\n\t\t\t<div class=\"elementor-widget-wrap elementor-element-populated\">\n\t\t\t\t\t\t<div class=\"elementor-element elementor-element-4bdc1937 elementor-widget elementor-widget-text-editor\" data-id=\"4bdc1937\" data-element_type=\"widget\" data-widget_type=\"text-editor.default\">\n\t\t\t\t<div class=\"elementor-widget-container\">\n\t\t\t\t\t\t\t\t\t\n<p>ESSA PASTA FOI ABERTA COM A FINALIDADE DE REGISTRAR FOTOS, VIDEOS E COMENT\u00c1RIOS SOBRE O LOCAL DA NOVA SEDE DO CVMARJ, REGISTRANDO AS MUDAN\u00c7AS E INOVA\u00c7\u00d5ES IMPLANTADAS NO LOCAL.<\/p>\n\t\t\t\t\t\t\t\t<\/div>\n\t\t\t\t<\/div>\n\t\t\t\t\t<\/div>\n\t\t<\/div>\n\t\t\t\t\t<\/div>\n\t\t<\/section>\n\t\t\t\t<section class=\"elementor-section elementor-top-section elementor-element elementor-element-dc13cdb elementor-section-boxed elementor-section-height-default elementor-section-height-default\" data-id=\"dc13cdb\" data-element_type=\"section\" data-settings=\"{&quot;_ha_eqh_enable&quot;:false}\">\n\t\t\t\t\t\t<div class=\"elementor-container elementor-column-gap-default\">\n\t\t\t\t\t<div class=\"elementor-column elementor-col-33 elementor-top-column elementor-element elementor-element-c5f7cab\" data-id=\"c5f7cab\" data-element_type=\"column\">\n\t\t\t<div class=\"elementor-widget-wrap elementor-element-populated\">\n\t\t\t\t\t\t<div class=\"elementor-element elementor-element-aaa5416 elementor-widget elementor-widget-image\" data-id=\"aaa5416\" data-element_type=\"widget\" data-widget_type=\"image.default\">\n\t\t\t\t<div class=\"elementor-widget-container\">\n\t\t\t\t\t\t\t\t\t\t\t\t\t\t\t<img fetchpriority=\"high\" decoding=\"async\" width=\"724\" height=\"1024\" src=\"https:\/\/cvmarj.org.br\/site\/wp-content\/uploads\/2022\/04\/1-724x1024.jpg\" class=\"attachment-large size-large wp-image-3421\" alt=\"\" srcset=\"https:\/\/cvmarj.org.br\/site\/wp-content\/uploads\/2022\/04\/1-724x1024.jpg 724w, https:\/\/cvmarj.org.br\/site\/wp-content\/uploads\/2022\/04\/1-212x300.jpg 212w, https:\/\/cvmarj.org.br\/site\/wp-content\/uploads\/2022\/04\/1-768x1087.jpg 768w, https:\/\/cvmarj.org.br\/site\/wp-content\/uploads\/2022\/04\/1-1085x1536.jpg 1085w, https:\/\/cvmarj.org.br\/site\/wp-content\/uploads\/2022\/04\/1-1447x2048.jpg 1447w, https:\/\/cvmarj.org.br\/site\/wp-content\/uploads\/2022\/04\/1-scaled.jpg 1809w\" sizes=\"(max-width: 724px) 100vw, 724px\" \/>\t\t\t\t\t\t\t\t\t\t\t\t\t\t\t<\/div>\n\t\t\t\t<\/div>\n\t\t\t\t\t<\/div>\n\t\t<\/div>\n\t\t\t\t<div class=\"elementor-column elementor-col-33 elementor-top-column elementor-element elementor-element-24aba90\" data-id=\"24aba90\" data-element_type=\"column\">\n\t\t\t<div class=\"elementor-widget-wrap elementor-element-populated\">\n\t\t\t\t\t\t<div class=\"elementor-element elementor-element-c879d02 elementor-widget elementor-widget-image\" data-id=\"c879d02\" data-element_type=\"widget\" data-widget_type=\"image.default\">\n\t\t\t\t<div class=\"elementor-widget-container\">\n\t\t\t\t\t\t\t\t\t\t\t\t\t\t\t<img decoding=\"async\" width=\"729\" height=\"1024\" src=\"https:\/\/cvmarj.org.br\/site\/wp-content\/uploads\/2022\/04\/2-2-729x1024.jpg\" class=\"attachment-large size-large wp-image-3425\" alt=\"\" srcset=\"https:\/\/cvmarj.org.br\/site\/wp-content\/uploads\/2022\/04\/2-2-729x1024.jpg 729w, https:\/\/cvmarj.org.br\/site\/wp-content\/uploads\/2022\/04\/2-2-214x300.jpg 214w, https:\/\/cvmarj.org.br\/site\/wp-content\/uploads\/2022\/04\/2-2-768x1078.jpg 768w, https:\/\/cvmarj.org.br\/site\/wp-content\/uploads\/2022\/04\/2-2-1094x1536.jpg 1094w, https:\/\/cvmarj.org.br\/site\/wp-content\/uploads\/2022\/04\/2-2-1458x2048.jpg 1458w, https:\/\/cvmarj.org.br\/site\/wp-content\/uploads\/2022\/04\/2-2-scaled.jpg 1823w\" sizes=\"(max-width: 729px) 100vw, 729px\" \/>\t\t\t\t\t\t\t\t\t\t\t\t\t\t\t<\/div>\n\t\t\t\t<\/div>\n\t\t\t\t\t<\/div>\n\t\t<\/div>\n\t\t\t\t<div class=\"elementor-column elementor-col-33 elementor-top-column elementor-element elementor-element-626c827\" data-id=\"626c827\" data-element_type=\"column\">\n\t\t\t<div class=\"elementor-widget-wrap elementor-element-populated\">\n\t\t\t\t\t\t<div class=\"elementor-element elementor-element-074f55e elementor-widget elementor-widget-image\" data-id=\"074f55e\" data-element_type=\"widget\" data-widget_type=\"image.default\">\n\t\t\t\t<div class=\"elementor-widget-container\">\n\t\t\t\t\t\t\t\t\t\t\t\t\t\t\t<img decoding=\"async\" width=\"714\" height=\"1024\" src=\"https:\/\/cvmarj.org.br\/site\/wp-content\/uploads\/2022\/04\/3-2-714x1024.jpg\" class=\"attachment-large size-large wp-image-3422\" alt=\"\" srcset=\"https:\/\/cvmarj.org.br\/site\/wp-content\/uploads\/2022\/04\/3-2-714x1024.jpg 714w, https:\/\/cvmarj.org.br\/site\/wp-content\/uploads\/2022\/04\/3-2-209x300.jpg 209w, https:\/\/cvmarj.org.br\/site\/wp-content\/uploads\/2022\/04\/3-2-768x1101.jpg 768w, https:\/\/cvmarj.org.br\/site\/wp-content\/uploads\/2022\/04\/3-2-1071x1536.jpg 1071w, https:\/\/cvmarj.org.br\/site\/wp-content\/uploads\/2022\/04\/3-2-1428x2048.jpg 1428w, https:\/\/cvmarj.org.br\/site\/wp-content\/uploads\/2022\/04\/3-2-scaled.jpg 1785w\" sizes=\"(max-width: 714px) 100vw, 714px\" \/>\t\t\t\t\t\t\t\t\t\t\t\t\t\t\t<\/div>\n\t\t\t\t<\/div>\n\t\t\t\t\t<\/div>\n\t\t<\/div>\n\t\t\t\t\t<\/div>\n\t\t<\/section>\n\t\t\t\t<section class=\"elementor-section elementor-top-section elementor-element elementor-element-80c21e5 elementor-section-boxed elementor-section-height-default elementor-section-height-default\" data-id=\"80c21e5\" data-element_type=\"section\" data-settings=\"{&quot;_ha_eqh_enable&quot;:false}\">\n\t\t\t\t\t\t<div class=\"elementor-container elementor-column-gap-default\">\n\t\t\t\t\t<div class=\"elementor-column elementor-col-100 elementor-top-column elementor-element elementor-element-0c115e4\" data-id=\"0c115e4\" data-element_type=\"column\">\n\t\t\t<div class=\"elementor-widget-wrap elementor-element-populated\">\n\t\t\t\t\t\t<div class=\"elementor-element elementor-element-dbdc22a elementor-widget elementor-widget-elementskit-blog-posts\" data-id=\"dbdc22a\" data-element_type=\"widget\" data-widget_type=\"elementskit-blog-posts.default\">\n\t\t\t\t<div class=\"elementor-widget-container\">\n\t\t\t\t\t<div class=\"ekit-wid-con\" >        <div id=\"post-items--dbdc22a\" class=\"row post-items\">\n                    <div class=\"col-md-12\">\n\n                                    <div class=\"elementskit-blog-block-post\">\n                        <div class=\"row no-gutters\">\n                                                            <div class=\"col-md-6 order-1\">\n                                    <a href=\"https:\/\/cvmarj.org.br\/site\/index.php\/2022\/06\/27\/campo-cvmarj-2022\/\" class=\"elementskit-entry-thumb\">\n                                        <img decoding=\"async\" src=\"https:\/\/cvmarj.org.br\/site\/wp-content\/uploads\/2022\/06\/IMG-20220624-WA0005-300x225.jpg\" alt=\"Campo CVMARJ 2022\">\n                                    <\/a><!-- .elementskit-entry-thumb END -->\n                                <\/div>\n                            \n                            <div class=\"col-md-6 order-2\">\n                                <div class=\"elementskit-post-body \">\n                                    <div class=\"elementskit-entry-header\">\n                                        \n                                                                                            \t\t\t\t\t                                            \n                                            \n                                                                                            \t\t\t\t<h2 class=\"entry-title\">\n\t\t\t\t\t<a href=\"https:\/\/cvmarj.org.br\/site\/index.php\/2022\/06\/27\/campo-cvmarj-2022\/\">\n\t\t\t\t\t\tCampo CVMARJ 2022\t\t\t\t\t<\/a>\n\t\t\t\t<\/h2>\n\t\t\t                                                                                <\/div><!-- .elementskit-entry-header END -->\n\n                                                                            <div class=\"elementskit-post-footer\">\n                                                                                                                                                                                                                            <\/div><!-- .elementskit-post-footer END -->\n                                                                    <\/div><!-- .elementskit-post-body END -->\n                            <\/div>\n                        <\/div>\n                    <\/div><!-- .elementskit-blog-block-post .radius .gradient-bg END -->\n                \n            <\/div>\n                    <div class=\"col-md-12\">\n\n                                    <div class=\"elementskit-blog-block-post\">\n                        <div class=\"row no-gutters\">\n                                                            <div class=\"col-md-6 order-1\">\n                                    <a href=\"https:\/\/cvmarj.org.br\/site\/index.php\/2022\/04\/26\/campo-cvmarj-2021\/\" class=\"elementskit-entry-thumb\">\n                                        <img decoding=\"async\" src=\"https:\/\/cvmarj.org.br\/site\/wp-content\/uploads\/2022\/04\/849efd49-9461-4711-b7f0-d674db9807a7-300x146.jpg\" alt=\"Campo CVMARJ 2021\">\n                                    <\/a><!-- .elementskit-entry-thumb END -->\n                                <\/div>\n                            \n                            <div class=\"col-md-6 order-2\">\n                                <div class=\"elementskit-post-body \">\n                                    <div class=\"elementskit-entry-header\">\n                                        \n                                                                                            \t\t\t\t\t                                            \n                                            \n                                                                                            \t\t\t\t<h2 class=\"entry-title\">\n\t\t\t\t\t<a href=\"https:\/\/cvmarj.org.br\/site\/index.php\/2022\/04\/26\/campo-cvmarj-2021\/\">\n\t\t\t\t\t\tCampo CVMARJ 2021\t\t\t\t\t<\/a>\n\t\t\t\t<\/h2>\n\t\t\t                                                                                <\/div><!-- .elementskit-entry-header END -->\n\n                                                                            <div class=\"elementskit-post-footer\">\n                                                                                                                                                                                                                            <\/div><!-- .elementskit-post-footer END -->\n                                                                    <\/div><!-- .elementskit-post-body END -->\n                            <\/div>\n                        <\/div>\n                    <\/div><!-- .elementskit-blog-block-post .radius .gradient-bg END -->\n                \n            <\/div>\n                    <div class=\"col-md-12\">\n\n                                    <div class=\"elementskit-blog-block-post\">\n                        <div class=\"row no-gutters\">\n                                                            <div class=\"col-md-6 order-1\">\n                                    <a href=\"https:\/\/cvmarj.org.br\/site\/index.php\/2022\/04\/25\/cvmarj-2020\/\" class=\"elementskit-entry-thumb\">\n                                        <img decoding=\"async\" src=\"https:\/\/cvmarj.org.br\/site\/wp-content\/uploads\/2022\/04\/56ebb21a-fd76-4330-baa6-c64d1f053c5f-1-277x300.jpg\" alt=\"Campo CVMARJ 2020\">\n                                    <\/a><!-- .elementskit-entry-thumb END -->\n                                <\/div>\n                            \n                            <div class=\"col-md-6 order-2\">\n                                <div class=\"elementskit-post-body \">\n                                    <div class=\"elementskit-entry-header\">\n                                        \n                                                                                            \t\t\t\t\t                                            \n                                            \n                                                                                            \t\t\t\t<h2 class=\"entry-title\">\n\t\t\t\t\t<a href=\"https:\/\/cvmarj.org.br\/site\/index.php\/2022\/04\/25\/cvmarj-2020\/\">\n\t\t\t\t\t\tCampo CVMARJ 2020\t\t\t\t\t<\/a>\n\t\t\t\t<\/h2>\n\t\t\t                                                                                <\/div><!-- .elementskit-entry-header END -->\n\n                                                                            <div class=\"elementskit-post-footer\">\n                                                                                                                                                                                                                            <\/div><!-- .elementskit-post-footer END -->\n                                                                    <\/div><!-- .elementskit-post-body END -->\n                            <\/div>\n                        <\/div>\n                    <\/div><!-- .elementskit-blog-block-post .radius .gradient-bg END -->\n                \n            <\/div>\n                <\/div>\n       <\/div>\t\t\t\t<\/div>\n\t\t\t\t<\/div>\n\t\t\t\t\t<\/div>\n\t\t<\/div>\n\t\t\t\t\t<\/div>\n\t\t<\/section>\n\t\t\t\t<\/div>\n\t\t","protected":false},"excerpt":{"rendered":"<p>ESSA PASTA FOI ABERTA COM A FINALIDADE DE REGISTRAR FOTOS, VIDEOS E COMENT\u00c1RIOS SOBRE O LOCAL DA NOVA SEDE DO CVMARJ, REGISTRANDO AS MUDAN\u00c7AS E INOVA\u00c7\u00d5ES IMPLANTADAS NO LOCAL. Campo CVMARJ 2020 Campo CVMARJ 2021<\/p>\n","protected":false},"author":1,"featured_media":0,"parent":0,"menu_order":0,"comment_status":"closed","ping_status":"closed","template":"","meta":{"neve_meta_sidebar":"full-width","neve_meta_container":"","neve_meta_enable_content_width":"on","neve_meta_content_width":100,"neve_meta_title_alignment":"","neve_meta_author_avatar":"","neve_post_elements_order":"","neve_meta_disable_header":"","neve_meta_disable_footer":"","neve_meta_disable_title":"","footnotes":""},"_links":{"self":[{"href":"https:\/\/cvmarj.org.br\/site\/index.php\/wp-json\/wp\/v2\/pages\/3191"}],"collection":[{"href":"https:\/\/cvmarj.org.br\/site\/index.php\/wp-json\/wp\/v2\/pages"}],"about":[{"href":"https:\/\/cvmarj.org.br\/site\/index.php\/wp-json\/wp\/v2\/types\/page"}],"author":[{"embeddable":true,"href":"https:\/\/cvmarj.org.br\/site\/index.php\/wp-json\/wp\/v2\/users\/1"}],"replies":[{"embeddable":true,"href":"https:\/\/cvmarj.org.br\/site\/index.php\/wp-json\/wp\/v2\/comments?post=3191"}],"version-history":[{"count":13,"href":"https:\/\/cvmarj.org.br\/site\/index.php\/wp-json\/wp\/v2\/pages\/3191\/revisions"}],"predecessor-version":[{"id":3597,"href":"https:\/\/cvmarj.org.br\/site\/index.php\/wp-json\/wp\/v2\/pages\/3191\/revisions\/3597"}],"wp:attachment":[{"href":"https:\/\/cvmarj.org.br\/site\/index.php\/wp-json\/wp\/v2\/media?parent=3191"}],"curies":[{"name":"wp","href":"https:\/\/api.w.org\/{rel}","templated":true}]}}